{"id":8,"date":"2024-09-11T16:45:03","date_gmt":"2024-09-11T19:45:03","guid":{"rendered":"https:\/\/esaint.com.ar\/laser\/?page_id=8"},"modified":"2025-09-06T18:10:25","modified_gmt":"2025-09-06T21:10:25","slug":"e-saint","status":"publish","type":"page","link":"https:\/\/esaint.com.ar\/laser\/","title":{"rendered":"E-Saint"},"content":{"rendered":"<div class=\"wpb-content-wrapper\"><p>[vc_row][vc_column]\n\t\t\t\t<p class=\"rs-p-wp-fix\"><\/p>\n\t\t\t\t<sr7-module data-alias=\"slider-1\" data-id=\"1\" id=\"SR7_1_1\" class=\"rs-ov-hidden\" data-version=\"6.7.18\">\n\t\t\t\t\t<sr7-adjuster><\/sr7-adjuster>\n\t\t\t\t\t<sr7-content>\n\t\t\t\t\t\t<sr7-slide id=\"SR7_1_1-1\" data-key=\"1\">\n\t\t\t\t\t\t<\/sr7-slide>\n\t\t\t\t\t\t<sr7-slide id=\"SR7_1_1-3\" data-key=\"3\">\n\t\t\t\t\t\t<\/sr7-slide>\n\t\t\t\t\t\t<sr7-slide id=\"SR7_1_1-4\" data-key=\"4\">\n\t\t\t\t\t\t<\/sr7-slide>\n\t\t\t\t\t\t<sr7-slide id=\"SR7_1_1-2\" data-key=\"2\">\n\t\t\t\t\t\t<\/sr7-slide>\n\t\t\t\t\t<\/sr7-content>\n\t\t\t\t\t<image_lists style=\"display:none\">\n\t\t\t\t\t\t<img data-src=\"\/\/esaint.com.ar\/laser\/wp-content\/uploads\/2024\/09\/slider1-1.jpg\" data-libid=\"108\" data-lib=\"medialibrary\" title=\"slider1\" width=\"0\" height=\"0\" data-dbsrc=\"Ly9lc2FpbnQuY29tLmFyL2xhc2VyL3dwLWNvbnRlbnQvdXBsb2Fkcy8yMDI0LzA5L3NsaWRlcjEtMS5qcGc=\"\/>\n\t\t\t\t\t\t<img data-src=\"\/\/esaint.com.ar\/laser\/wp-content\/uploads\/2024\/09\/slider1-mobile-1.jpg\" data-libid=\"109\" data-lib=\"medialibrary\" title=\"slider1-mobile\" width=\"0\" height=\"0\" data-dbsrc=\"Ly9lc2FpbnQuY29tLmFyL2xhc2VyL3dwLWNvbnRlbnQvdXBsb2Fkcy8yMDI0LzA5L3NsaWRlcjEtbW9iaWxlLTEuanBn\"\/>\n\t\t\t\t\t\t<img data-src=\"\/\/esaint.com.ar\/laser\/wp-content\/uploads\/2024\/09\/slider2-2.jpg\" data-libid=\"111\" data-lib=\"medialibrary\" title=\"slider2\" width=\"0\" height=\"0\" data-dbsrc=\"Ly9lc2FpbnQuY29tLmFyL2xhc2VyL3dwLWNvbnRlbnQvdXBsb2Fkcy8yMDI0LzA5L3NsaWRlcjItMi5qcGc=\"\/>\n\t\t\t\t\t\t<img data-src=\"\/\/esaint.com.ar\/laser\/wp-content\/uploads\/2024\/09\/slider2-mobile.jpg\" data-libid=\"101\" data-lib=\"medialibrary\" title=\"slider2-mobile\" width=\"0\" height=\"0\" data-dbsrc=\"Ly9lc2FpbnQuY29tLmFyL2xhc2VyL3dwLWNvbnRlbnQvdXBsb2Fkcy8yMDI0LzA5L3NsaWRlcjItbW9iaWxlLmpwZw==\"\/>\n\t\t\t\t\t<\/image_lists>\n\t\t\t\t<\/sr7-module>\n\t\t\t\t<script>\n\t\t\t\t\tSR7.PMH ??={}; SR7.PMH[\"SR7_1_1\"] = {cn:0,state:false,fn: function() { if (_tpt!==undefined && _tpt.prepareModuleHeight !== undefined) {  _tpt.prepareModuleHeight({id:\"SR7_1_1\",el:[1080,1080,1080,1080,480],type:'standard',shdw:'0',gh:[1080,1080,1080,1080,480],gw:[1920,1920,1920,1920,480],vpt:['100px&#039;,&#039;100px&#039;,&#039;100px&#039;,&#039;100px&#039;,&#039;100px'],size:{fullWidth:true, fullHeight:false},mh:'0',onh:0,onw:0,bg:{color:'{\"orig\":\"transparent\",\"type\":\"solid\",\"string\":\"transparent\"}'}});   SR7.PMH[\"SR7_1_1\"].state=true;} else if((SR7.PMH[\"SR7_1_1\"].cn++)<100)\tsetTimeout( SR7.PMH[\"SR7_1_1\"].fn,19);}};SR7.PMH[\"SR7_1_1\" ].fn();\n\t\t\t\t<\/script>\n[\/vc_column][\/vc_row][vc_row full_width_css=&#8221;stretch_row_content_no_spaces_css&#8221; css=&#8221;.vc_custom_1726172494338{border-bottom-width: 1px !important;background-color: #141736 !important;border-bottom-style: solid !important;border-color: #ffffff !important;}&#8221; conditional_render=&#8221;%5B%7B%22value_role%22%3A%22administrator%22%7D%5D&#8221;][vc_column][vc_empty_space height=&#8221;35px&#8221; el_class=&#8221;no-mobile&#8221;][vc_custom_heading text=&#8221;EXPERIENCIA&#8221; font_container=&#8221;tag:h1|text_align:center|color:%23ffffff&#8221; use_theme_fonts=&#8221;yes&#8221; css=&#8221;&#8221; animation_type=&#8221;fadeInLeft&#8221;][vc_empty_space height=&#8221;35px&#8221; el_class=&#8221;no-mobile&#8221;][\/vc_column][\/vc_row][vc_row full_width_css=&#8221;stretch_row_css&#8221; wrap_container=&#8221;yes&#8221; css=&#8221;.vc_custom_1726091383972{padding-top: 50px !important;padding-bottom: 50px !important;background-color: #141736 !important;border-color: #ffffff !important;}&#8221; conditional_render=&#8221;%5B%7B%22value_role%22%3A%22administrator%22%7D%5D&#8221;][vc_column width=&#8221;1\/2&#8243;][vc_single_image image=&#8221;20&#8243; img_size=&#8221;full&#8221; css=&#8221;&#8221; animation_type=&#8221;slideInUp&#8221;][\/vc_column][vc_column width=&#8221;1\/2&#8243; animation_type=&#8221;fadeInRight&#8221; conditional_render=&#8221;%5B%7B%22value_role%22%3A%22administrator%22%7D%5D&#8221;][vc_column_text css=&#8221;&#8221; text_color=&#8221;#ffffff&#8221;]En <strong>E-Saint<\/strong>, nos enorgullecemos de nuestra trayectoria y experiencia en el mercado. Durante a\u00f1os, hemos estado brindando soluciones innovadoras y de alta calidad a nuestros clientes. Porque la innovaci\u00f3n nos motiva a seguir creciendo, desde el 2023 lanzamos un <strong>nuevo servicio de corte l\u00e1ser<\/strong>, que nos permite ofrecer un nivel de precisi\u00f3n y eficiencia sobre placas de metal.<\/p>\n<p>La tecnolog\u00eda de corte l\u00e1ser es <strong>capaz de cortar cualquier tipo de metal hasta 10 mm de espesor<\/strong>, lo que nos permite abordar una amplia variedad de proyectos y necesidades. Desde prototipos y piezas personalizadas hasta producciones en serie.<\/p>\n<p>El servicio de corte l\u00e1ser es <strong>la soluci\u00f3n perfecta para aquellos que buscan precisi\u00f3n, velocidad y calidad.<\/strong>[\/vc_column_text][\/vc_column][\/vc_row][vc_row full_width_css=&#8221;stretch_row_content_no_spaces_css&#8221; css=&#8221;.vc_custom_1726172595326{border-bottom-width: 1px !important;background-color: #ff6112 !important;border-bottom-style: solid !important;border-color: #ffffff !important;}&#8221; conditional_render=&#8221;%5B%7B%22value_role%22%3A%22administrator%22%7D%5D&#8221;][vc_column][vc_empty_space height=&#8221;10px&#8221;][vc_empty_space height=&#8221;35px&#8221;][vc_raw_html css=&#8221;&#8221;]JTNDZGl2JTIwY2xhc3MlM0QlMjJtYXJxdWVlJTIyJTNFJTBBJTIwJTIwJTNDZGl2JTNFJTBBJTIwJTIwJTIwJTIwJTNDc3BhbiUzRW51ZXN0cm8lMjBzZXJ2aWNpbyUyMCUzQyUyRnNwYW4lM0UlMjZuYnNwJTNCJTBBJTIwJTIwJTIwJTIwJTNDc3BhbiUzRW51ZXN0cm8lMjBzZXJ2aWNpbyUyMCUzQyUyRnNwYW4lM0UlMjZuYnNwJTNCJTBBJTIwJTIwJTIwJTIwJTNDc3BhbiUzRW51ZXN0cm8lMjBzZXJ2aWNpbyUyMCUzQyUyRnNwYW4lM0UlMjZuYnNwJTNCJTBBJTIwJTIwJTIwJTIwJTNDc3BhbiUzRW51ZXN0cm8lMjBzZXJ2aWNpbyUyMCUzQyUyRnNwYW4lM0UlMjZuYnNwJTNCJTBBJTIwJTIwJTIwJTIwJTNDc3BhbiUzRW51ZXN0cm8lMjBzZXJ2aWNpbyUyMCUzQyUyRnNwYW4lM0UlMjZuYnNwJTNCJTBBJTIwJTIwJTIwJTIwJTNDc3BhbiUzRW51ZXN0cm8lMjBzZXJ2aWNpbyUyMCUzQyUyRnNwYW4lM0UlMjZuYnNwJTNCJTBBJTIwJTIwJTIwJTIwJTNDc3BhbiUzRW51ZXN0cm8lMjBzZXJ2aWNpbyUyMCUzQyUyRnNwYW4lM0UlMjZuYnNwJTNCJTBBJTIwJTIwJTIwJTIwJTNDc3BhbiUzRW51ZXN0cm8lMjBzZXJ2aWNpbyUyMCUzQyUyRnNwYW4lM0UlMjZuYnNwJTNCJTBBJTIwJTIwJTIwJTIwJTNDc3BhbiUzRW51ZXN0cm8lMjBzZXJ2aWNpbyUyMCUzQyUyRnNwYW4lM0UlMjZuYnNwJTNCJTBBJTIwJTIwJTIwJTIwJTNDc3BhbiUzRW51ZXN0cm8lMjBzZXJ2aWNpbyUyMCUzQyUyRnNwYW4lM0UlMjZuYnNwJTNCJTBBJTIwJTIwJTIwJTIwJTNDc3BhbiUzRW51ZXN0cm8lMjBzZXJ2aWNpbyUyMCUzQyUyRnNwYW4lM0UlMjZuYnNwJTNCJTBBJTIwJTIwJTIwJTIwJTNDc3BhbiUzRW51ZXN0cm8lMjBzZXJ2aWNpbyUyMCUzQyUyRnNwYW4lM0UlMjZuYnNwJTNCJTBBJTIwJTIwJTNDJTJGZGl2JTNFJTBBJTNDJTJGZGl2JTNF[\/vc_raw_html][vc_empty_space height=&#8221;35px&#8221; el_class=&#8221;no-mobile&#8221;][\/vc_column][\/vc_row][vc_row full_width_css=&#8221;stretch_row_css&#8221; wrap_container=&#8221;yes&#8221; css=&#8221;.vc_custom_1726684652215{padding-top: 50px !important;padding-bottom: 50px !important;background-color: #ff6112 !important;border-color: #ffffff !important;}&#8221; conditional_render=&#8221;%5B%7B%22value_role%22%3A%22administrator%22%7D%5D&#8221;][vc_column width=&#8221;7\/12&#8243; animation_type=&#8221;fadeInLeft&#8221; conditional_render=&#8221;%5B%7B%22value_role%22%3A%22administrator%22%7D%5D&#8221;][vc_column_text css=&#8221;&#8221; text_color=&#8221;#ffffff&#8221;]En E-Saint, nos comprometemos a brindar un <strong>servicio excepcional<\/strong> y a superar las expectativas de nuestros clientes.<\/p>\n<p>Ofrecemos un <strong>trabajo personalizado para cada cliente<\/strong>, brindando la soluci\u00f3n integral de desarrollo bajo los est\u00e1ndares<br \/>\nde calidad estipulados.<\/p>\n<p>Trabajamos para <strong>varios rubros<\/strong> ofreciendo diversas piezas de dise\u00f1o a trav\u00e9s de nuestra m\u00e1quina de corte l\u00e1ser.[\/vc_column_text][\/vc_column][vc_column width=&#8221;5\/12&#8243; el_class=&#8221;fondo-servicios&#8221; conditional_render=&#8221;%5B%7B%22value_role%22%3A%22administrator%22%7D%5D&#8221;][vc_single_image image=&#8221;86&#8243; img_size=&#8221;full&#8221; css=&#8221;&#8221;][\/vc_column][\/vc_row][vc_row full_width_css=&#8221;stretch_row_content_no_spaces_css&#8221; css=&#8221;.vc_custom_1726172855618{padding-top: 80px !important;padding-bottom: 35px !important;}&#8221; conditional_render=&#8221;%5B%7B%22value_role%22%3A%22administrator%22%7D%5D&#8221;][vc_column][vc_empty_space height=&#8221;20px&#8221; el_class=&#8221;no-mobile&#8221;][vc_custom_heading text=&#8221;DESARROLLOS<br \/>\nPROPIOS&#8221; font_container=&#8221;tag:h2|text_align:left|color:%23141736&#8243; use_theme_fonts=&#8221;yes&#8221; css=&#8221;.vc_custom_1726093732664{padding-left: 2rem !important;}&#8221; animation_type=&#8221;fadeInLeft&#8221;][vc_empty_space height=&#8221;20px&#8221;]<div class=\"porto-carousel owl-carousel has-ccols has-ccols-spacing ccols-xl-4 ccols-lg-4 ccols-md-3 ccols-sm-2 ccols-1 flick-carousel wpb_custom_39db060856c1d68ac3e74d43418f6302 show-nav-hover\" data-plugin-options=\"{&quot;themeConfig&quot;:true,&quot;stagePadding&quot;:0,&quot;margin&quot;:15,&quot;autoplay&quot;:&quot;yes&quot;,&quot;mouseDrag&quot;:true,&quot;touchDrag&quot;:true,&quot;autoplayTimeout&quot;:2500,&quot;autoplayHoverPause&quot;:false,&quot;items&quot;:4,&quot;xl&quot;:4,&quot;lg&quot;:4,&quot;md&quot;:3,&quot;sm&quot;:2,&quot;xs&quot;:1,&quot;nav&quot;:&quot;yes&quot;,&quot;dots&quot;:false,&quot;animateIn&quot;:&quot;&quot;,&quot;animateOut&quot;:&quot;&quot;,&quot;loop&quot;:&quot;yes&quot;,&quot;center&quot;:false,&quot;video&quot;:false,&quot;lazyLoad&quot;:false,&quot;fullscreen&quot;:false}\"><div class=\"\">[vc_single_image image=&#8221;77&#8243; img_size=&#8221;full&#8221; css=&#8221;&#8221; label=&#8221;&#8221;]<\/div><div class=\"\">[vc_single_image image=&#8221;78&#8243; img_size=&#8221;full&#8221; css=&#8221;&#8221; label=&#8221;&#8221;]<\/div><div class=\"\">[vc_single_image image=&#8221;79&#8243; img_size=&#8221;full&#8221; css=&#8221;&#8221; label=&#8221;&#8221;]<\/div><div class=\"\">[vc_single_image image=&#8221;80&#8243; img_size=&#8221;full&#8221; css=&#8221;&#8221; el_id=&#8221;02&#8243; label=&#8221;&#8221;]<\/div><div class=\"\">[vc_single_image image=&#8221;81&#8243; img_size=&#8221;full&#8221; css=&#8221;&#8221; label=&#8221;&#8221;]<\/div><div class=\"\">[vc_single_image image=&#8221;82&#8243; img_size=&#8221;full&#8221; css=&#8221;&#8221; el_id=&#8221;04&#8243; label=&#8221;&#8221;]<\/div><\/div>[\/vc_column][\/vc_row][vc_row full_width_css=&#8221;stretch_row_css&#8221; wrap_container=&#8221;yes&#8221; css=&#8221;.vc_custom_1726172828966{padding-top: 90px !important;padding-bottom: 90px !important;background-color: #0140ff !important;border-color: #ffffff !important;}&#8221; conditional_render=&#8221;%5B%7B%22value_role%22%3A%22administrator%22%7D%5D&#8221;][vc_column width=&#8221;1\/2&#8243;][vc_empty_space height=&#8221;60px&#8221; el_class=&#8221;no-mobile&#8221;][vc_single_image image=&#8221;67&#8243; img_size=&#8221;full&#8221; css=&#8221;&#8221; animation_type=&#8221;slideInUp&#8221;][vc_empty_space height=&#8221;60px&#8221; el_class=&#8221;no-mobile&#8221;][vc_raw_html css=&#8221;&#8221;]JTNDZGl2JTIwc3R5bGUlM0QlMjJwb3NpdGlvbiUzQSUyMGZpeGVkJTNCJTIwZGlzcGxheSUzQSUyMGJsb2NrJTNCJTIwbGVmdCUzQSUyMDJyZW0lM0IlMjBib3R0b20lM0ElMjAycmVtJTNCJTIwJTIwJTIwJTIwei1pbmRleCUzQSUyMDk5OSUzQiUyMiUzRSUzQ2ElMjBocmVmJTNEJTIyaHR0cHMlM0ElMkYlMkZ3YS5tZSUyRjU0OTExNTU4NzcxODElMjIlMjB0YXJnZXQlM0QlMjJfYmxhbmslMjIlMjByZWwlM0QlMjJub29wZW5lciUyMiUzRSUzQ2ltZyUyMGRlY29kaW5nJTNEJTIyYXN5bmMlMjIlMjBzdHlsZSUzRCUyMndpZHRoJTNBNTAlMjUlMjIlMjBzcmMlM0QlMjJodHRwcyUzQSUyRiUyRmVzYWludC5jb20uYXIlMkZsYXNlciUyRndwLWNvbnRlbnQlMkZ1cGxvYWRzJTJGMjAyNCUyRjA5JTJGd2EucG5nJTIyJTNFJTNDJTJGYSUzRSUzQyUyRmRpdiUzRQ==[\/vc_raw_html][\/vc_column][vc_column width=&#8221;1\/2&#8243; animation_type=&#8221;fadeInRight&#8221; conditional_render=&#8221;%5B%7B%22value_role%22%3A%22administrator%22%7D%5D&#8221; el_class=&#8221;abajo&#8221;][vc_empty_space height=&#8221;60px&#8221; el_class=&#8221;no-mobile&#8221;]<a class=\"porto-sicon-box-link\" href=\"https:\/\/wa.me\/5491155877181\" target='_blank'><div class=\"porto-sicon-box  wpb_custom_74c312c6382c672d88415152636ca045 style_1 default-icon\"><div class=\"porto-sicon-default\"><div class=\"porto-just-icon-wrapper porto-icon none\" style=\"color:#ffffff;font-size:32px;\"><i class=\"fab fa-whatsapp\"><\/i><\/div><\/div><div class=\"porto-sicon-header\"><h3 class=\"porto-sicon-title\" style=\"\">54 9 11 5587 7181<\/h3><\/div> <!-- header --><\/div><!-- porto-sicon-box --><\/a><a class=\"porto-sicon-box-link\" href=\"https:\/\/maps.app.goo.gl\/q7nNqfosE9UJ58gc6\" target='_blank'><div class=\"porto-sicon-box locacion  wpb_custom_74c312c6382c672d88415152636ca045 style_1 default-icon\"><div class=\"porto-sicon-default\"><div class=\"porto-just-icon-wrapper porto-icon none\" style=\"color:#ffffff;font-size:32px;\"><i class=\"fas fa-map-marker-alt\"><\/i><\/div><\/div><div class=\"porto-sicon-header\"><h3 class=\"porto-sicon-title\" style=\"\">Quintana 2125<br \/>\nVilla Lynch, San Mart\u00edn<br \/>\nCP B1650<\/h3><\/div> <!-- header --><\/div><!-- porto-sicon-box --><\/a><a class=\"porto-sicon-box-link\" href=\"mailto:info@esaint.com.ar\" target='_blank'><div class=\"porto-sicon-box  wpb_custom_74c312c6382c672d88415152636ca045 style_1 default-icon\"><div class=\"porto-sicon-default\"><div class=\"porto-just-icon-wrapper porto-icon none\" style=\"color:#ffffff;font-size:32px;\"><i class=\"fas fa-envelope\"><\/i><\/div><\/div><div class=\"porto-sicon-header\"><h3 class=\"porto-sicon-title\" style=\"\">info@esaint.com.ar<\/h3><\/div> <!-- header --><\/div><!-- porto-sicon-box --><\/a>[vc_empty_space height=&#8221;60px&#8221; el_class=&#8221;no-mobile&#8221;][\/vc_column][\/vc_row]<\/p>\n<\/div>","protected":false},"excerpt":{"rendered":"<p>[vc_row][vc_column][\/vc_column][\/vc_row][vc_row full_width_css=&#8221;stretch_row_content_no_spaces_css&#8221; css=&#8221;.vc_custom_1726172494338{border-bottom-width: 1px !important;background-color: #141736 !important;border-bottom-style: solid !important;border-color: #ffffff !important;}&#8221; conditional_render=&#8221;%5B%7B%22value_role%22%3A%22administrator%22%7D%5D&#8221;][vc_column][vc_empty_space height=&#8221;35px&#8221; el_class=&#8221;no-mobile&#8221;][vc_custom_heading text=&#8221;EXPERIENCIA&#8221; font_container=&#8221;tag:h1|text_align:center|color:%23ffffff&#8221; use_theme_fonts=&#8221;yes&#8221; css=&#8221;&#8221; animation_type=&#8221;fadeInLeft&#8221;][vc_empty_space height=&#8221;35px&#8221; el_class=&#8221;no-mobile&#8221;][\/vc_column][\/vc_row][vc_row full_width_css=&#8221;stretch_row_css&#8221; wrap_container=&#8221;yes&#8221; css=&#8221;.vc_custom_1726091383972{padding-top: 50px !important;padding-bottom: 50px !important;background-color: #141736 !important;border-color: #ffffff !important;}&#8221; conditional_render=&#8221;%5B%7B%22value_role%22%3A%22administrator%22%7D%5D&#8221;][vc_column width=&#8221;1\/2&#8243;][vc_single_image image=&#8221;20&#8243; img_size=&#8221;full&#8221; css=&#8221;&#8221; animation_type=&#8221;slideInUp&#8221;][\/vc_column][vc_column width=&#8221;1\/2&#8243; animation_type=&#8221;fadeInRight&#8221; conditional_render=&#8221;%5B%7B%22value_role%22%3A%22administrator%22%7D%5D&#8221;][vc_column_text css=&#8221;&#8221; text_color=&#8221;#ffffff&#8221;]En E-Saint, nos enorgullecemos de nuestra trayectoria y experiencia en el mercado. Durante [&hellip;]<\/p>\n","protected":false},"author":1,"featured_media":0,"parent":0,"menu_order":0,"comment_status":"closed","ping_status":"closed","template":"","meta":{"footnotes":""},"class_list":["post-8","page","type-page","status-publish","hentry"],"_links":{"self":[{"href":"https:\/\/esaint.com.ar\/laser\/wp-json\/wp\/v2\/pages\/8","targetHints":{"allow":["GET"]}}],"collection":[{"href":"https:\/\/esaint.com.ar\/laser\/wp-json\/wp\/v2\/pages"}],"about":[{"href":"https:\/\/esaint.com.ar\/laser\/wp-json\/wp\/v2\/types\/page"}],"author":[{"embeddable":true,"href":"https:\/\/esaint.com.ar\/laser\/wp-json\/wp\/v2\/users\/1"}],"replies":[{"embeddable":true,"href":"https:\/\/esaint.com.ar\/laser\/wp-json\/wp\/v2\/comments?post=8"}],"version-history":[{"count":86,"href":"https:\/\/esaint.com.ar\/laser\/wp-json\/wp\/v2\/pages\/8\/revisions"}],"predecessor-version":[{"id":216,"href":"https:\/\/esaint.com.ar\/laser\/wp-json\/wp\/v2\/pages\/8\/revisions\/216"}],"wp:attachment":[{"href":"https:\/\/esaint.com.ar\/laser\/wp-json\/wp\/v2\/media?parent=8"}],"curies":[{"name":"wp","href":"https:\/\/api.w.org\/{rel}","templated":true}]}}